{"id":3714,"date":"2023-11-01T12:24:23","date_gmt":"2023-11-01T12:24:23","guid":{"rendered":"https:\/\/trustgrup.md\/principala\/"},"modified":"2024-05-23T14:38:05","modified_gmt":"2024-05-23T12:38:05","slug":"principala","status":"publish","type":"page","link":"https:\/\/trustgrup.md\/ru\/","title":{"rendered":"\u0413\u043b\u0430\u0432\u043d\u0430\u044f"},"content":{"rendered":"<div data-elementor-type=\"wp-page\" data-elementor-id=\"3714\" class=\"elementor elementor-3714\">\n\t\t\t\t<div class=\"elementor-element elementor-element-40f1c134 e-flex e-con-boxed e-con e-parent\" data-id=\"40f1c134\" data-element_type=\"container\">\n\t\t\t\t\t<div class=\"e-con-inner\">\n\t\t\t\t<div class=\"elementor-element elementor-element-77e6e3bb elementor-widget elementor-widget-text-editor\" data-id=\"77e6e3bb\" data-element_type=\"widget\" data-widget_type=\"text-editor.default\">\n\t\t\t\t<div class=\"elementor-widget-container\">\n\t\t\t\t\t\t\t\t\t<div  class=\"section-element margin-bottom-20\"><div class=\"nasa-row fullwidth clearfix\"><div class=\"large-12 nasa-col columns\"><div class=\"nasa-crazy-box\">\n\t\t\t<!-- START Slider Auto Part V1 REVOLUTION SLIDER 6.6.17 --><p class=\"rs-p-wp-fix\"><\/p>\n\t\t\t<rs-module-wrap id=\"rev_slider_25_1_wrapper\" data-source=\"gallery\" style=\"visibility:hidden;background:transparent;padding:0;margin:0px auto;margin-top:0;margin-bottom:0;\">\n\t\t\t\t<rs-module id=\"rev_slider_25_1\" style=\"\" data-version=\"6.6.17\">\n\t\t\t\t\t<rs-slides style=\"overflow: hidden; position: absolute;\">\n\t\t\t\t\t\t<rs-slide style=\"position: absolute;\" data-key=\"rs-71\" data-title=\"Trust Grup\" data-in=\"o:0;\" data-out=\"a:false;\">\n\t\t\t\t\t\t\t<img decoding=\"async\" src=\"\/\/trustgrup.md\/wp-content\/plugins\/revslider\/public\/assets\/assets\/dummy.png\" alt=\"Trust Grup\" title=\"\u0413\u043b\u0430\u0432\u043d\u0430\u044f\" class=\"rev-slidebg tp-rs-img rs-lazyload\" data-lazyload=\"\/\/trustgrup.md\/wp-content\/plugins\/revslider\/public\/assets\/assets\/transparent.png\" data-no-retina>\n<!--\n\t\t\t\t\t\t\t--><rs-layer\n\t\t\t\t\t\t\t\tid=\"slider-25-slide-71-layer-0\" \n\t\t\t\t\t\t\t\tdata-type=\"image\"\n\t\t\t\t\t\t\t\tdata-rsp_ch=\"on\"\n\t\t\t\t\t\t\t\tdata-xy=\"yo:1px,1px,1px,0;\"\n\t\t\t\t\t\t\t\tdata-text=\"w:normal;s:20,20,20,10;l:0,0,0,13;\"\n\t\t\t\t\t\t\t\tdata-dim=\"w:1920px,1920px,1920px,1023px;h:580px,580px,580px,309px;\"\n\t\t\t\t\t\t\t\tdata-frame_999=\"o:0;st:w;\"\n\t\t\t\t\t\t\t\tstyle=\"z-index:5;\"\n\t\t\t\t\t\t\t><img fetchpriority=\"high\" decoding=\"async\" src=\"\/\/trustgrup.md\/wp-content\/plugins\/revslider\/public\/assets\/assets\/dummy.png\" alt=\"\" class=\"tp-rs-img rs-lazyload\" width=\"1920\" height=\"580\" data-lazyload=\"\/\/trustgrup.md\/wp-content\/uploads\/2024\/04\/1-Gradient1920580.png\" data-no-retina> \n\t\t\t\t\t\t\t<\/rs-layer><!--\n-->\t\t\t\t\t\t<\/rs-slide>\n\t\t\t\t\t\t<rs-slide style=\"position: absolute;\" data-key=\"rs-70\" data-title=\"Reducere\" data-thumb=\"\/\/trustgrup.md\/wp-content\/uploads\/2023\/11\/slide4trustgrup-100x50.png\" data-in=\"o:0;\" data-out=\"a:false;\">\n\t\t\t\t\t\t\t<img decoding=\"async\" src=\"\/\/trustgrup.md\/wp-content\/plugins\/revslider\/public\/assets\/assets\/dummy.png\" alt=\"\" title=\"slide4trustgrup\" width=\"1920\" height=\"580\" class=\"rev-slidebg tp-rs-img rs-lazyload\" data-lazyload=\"\/\/trustgrup.md\/wp-content\/uploads\/2023\/11\/slide4trustgrup.png\" data-bg=\"p:center top;f:contain;\" data-no-retina>\n<!---->\t\t\t\t\t\t<\/rs-slide>\n\t\t\t\t\t\t<rs-slide style=\"position: absolute;\" data-key=\"rs-73\" data-title=\"Produse beton\" data-in=\"o:0;\" data-out=\"a:false;\">\n\t\t\t\t\t\t\t<img decoding=\"async\" src=\"\/\/trustgrup.md\/wp-content\/plugins\/revslider\/public\/assets\/assets\/dummy.png\" alt=\"Produse beton\" title=\"\u0413\u043b\u0430\u0432\u043d\u0430\u044f\" class=\"rev-slidebg tp-rs-img rs-lazyload\" data-lazyload=\"\/\/trustgrup.md\/wp-content\/plugins\/revslider\/public\/assets\/assets\/transparent.png\" data-no-retina>\n<!--\n\t\t\t\t\t\t\t--><rs-layer\n\t\t\t\t\t\t\t\tid=\"slider-25-slide-73-layer-5\" \n\t\t\t\t\t\t\t\tdata-type=\"image\"\n\t\t\t\t\t\t\t\tdata-rsp_ch=\"on\"\n\t\t\t\t\t\t\t\tdata-text=\"w:normal;s:20,20,20,10;l:0,0,0,13;\"\n\t\t\t\t\t\t\t\tdata-dim=\"w:1920px,1920px,1920px,1023px;h:580px,580px,580px,309px;\"\n\t\t\t\t\t\t\t\tdata-frame_999=\"o:0;st:w;\"\n\t\t\t\t\t\t\t\tstyle=\"z-index:5;\"\n\t\t\t\t\t\t\t><img decoding=\"async\" src=\"\/\/trustgrup.md\/wp-content\/plugins\/revslider\/public\/assets\/assets\/dummy.png\" alt=\"\" class=\"tp-rs-img rs-lazyload\" width=\"1920\" height=\"580\" data-lazyload=\"\/\/trustgrup.md\/wp-content\/uploads\/2024\/04\/1-11.png\" data-no-retina> \n\t\t\t\t\t\t\t<\/rs-layer><!--\n-->\t\t\t\t\t\t<\/rs-slide>\n\t\t\t\t\t\t<rs-slide style=\"position: absolute;\" data-key=\"rs-74\" data-title=\"Articole din lemn\" data-in=\"o:0;\" data-out=\"a:false;\">\n\t\t\t\t\t\t\t<img decoding=\"async\" src=\"\/\/trustgrup.md\/wp-content\/plugins\/revslider\/public\/assets\/assets\/dummy.png\" alt=\"Articole din lemn\" title=\"\u0413\u043b\u0430\u0432\u043d\u0430\u044f\" class=\"rev-slidebg tp-rs-img rs-lazyload\" data-lazyload=\"\/\/trustgrup.md\/wp-content\/plugins\/revslider\/public\/assets\/assets\/transparent.png\" data-no-retina>\n<!--\n\t\t\t\t\t\t\t--><rs-layer\n\t\t\t\t\t\t\t\tid=\"slider-25-slide-74-layer-1\" \n\t\t\t\t\t\t\t\tdata-type=\"image\"\n\t\t\t\t\t\t\t\tdata-rsp_ch=\"on\"\n\t\t\t\t\t\t\t\tdata-text=\"w:normal;s:20,20,20,10;l:0,0,0,13;\"\n\t\t\t\t\t\t\t\tdata-dim=\"w:1920px,1920px,1920px,1023px;h:580px,580px,580px,309px;\"\n\t\t\t\t\t\t\t\tdata-frame_999=\"o:0;st:w;\"\n\t\t\t\t\t\t\t\tstyle=\"z-index:5;\"\n\t\t\t\t\t\t\t><img loading=\"lazy\" decoding=\"async\" src=\"\/\/trustgrup.md\/wp-content\/plugins\/revslider\/public\/assets\/assets\/dummy.png\" alt=\"\" class=\"tp-rs-img rs-lazyload\" width=\"1920\" height=\"580\" data-lazyload=\"\/\/trustgrup.md\/wp-content\/uploads\/2024\/04\/1-10 (3).png\" data-no-retina> \n\t\t\t\t\t\t\t<\/rs-layer><!--\n-->\t\t\t\t\t\t<\/rs-slide>\n\t\t\t\t\t\t<rs-slide style=\"position: absolute;\" data-key=\"rs-75\" data-title=\"Amenjare pavaj\" data-in=\"o:0;\" data-out=\"a:false;\">\n\t\t\t\t\t\t\t<img decoding=\"async\" src=\"\/\/trustgrup.md\/wp-content\/plugins\/revslider\/public\/assets\/assets\/dummy.png\" alt=\"Amenjare pavaj\" title=\"\u0413\u043b\u0430\u0432\u043d\u0430\u044f\" class=\"rev-slidebg tp-rs-img rs-lazyload\" data-lazyload=\"\/\/trustgrup.md\/wp-content\/plugins\/revslider\/public\/assets\/assets\/transparent.png\" data-no-retina>\n<!--\n\t\t\t\t\t\t\t--><rs-layer\n\t\t\t\t\t\t\t\tid=\"slider-25-slide-75-layer-2\" \n\t\t\t\t\t\t\t\tdata-type=\"image\"\n\t\t\t\t\t\t\t\tdata-rsp_ch=\"on\"\n\t\t\t\t\t\t\t\tdata-text=\"w:normal;s:20,20,20,10;l:0,0,0,13;\"\n\t\t\t\t\t\t\t\tdata-dim=\"w:1920px,1920px,1920px,1023px;h:580px,580px,580px,309px;\"\n\t\t\t\t\t\t\t\tdata-frame_999=\"o:0;st:w;\"\n\t\t\t\t\t\t\t\tstyle=\"z-index:5;\"\n\t\t\t\t\t\t\t><img loading=\"lazy\" decoding=\"async\" src=\"\/\/trustgrup.md\/wp-content\/plugins\/revslider\/public\/assets\/assets\/dummy.png\" alt=\"\" class=\"tp-rs-img rs-lazyload\" width=\"1920\" height=\"580\" data-lazyload=\"\/\/trustgrup.md\/wp-content\/uploads\/2024\/04\/1-13 (2).png\" data-no-retina> \n\t\t\t\t\t\t\t<\/rs-layer><!--\n-->\t\t\t\t\t\t<\/rs-slide>\n\t\t\t\t\t\t<rs-slide style=\"position: absolute;\" data-key=\"rs-76\" data-title=\"Slide\" data-in=\"o:0;\" data-out=\"a:false;\">\n\t\t\t\t\t\t\t<img decoding=\"async\" src=\"\/\/trustgrup.md\/wp-content\/plugins\/revslider\/public\/assets\/assets\/dummy.png\" alt=\"Slide\" title=\"\u0413\u043b\u0430\u0432\u043d\u0430\u044f\" class=\"rev-slidebg tp-rs-img rs-lazyload\" data-lazyload=\"\/\/trustgrup.md\/wp-content\/plugins\/revslider\/public\/assets\/assets\/transparent.png\" data-no-retina>\n<!--\n\t\t\t\t\t\t\t--><rs-layer\n\t\t\t\t\t\t\t\tid=\"slider-25-slide-76-layer-4\" \n\t\t\t\t\t\t\t\tdata-type=\"image\"\n\t\t\t\t\t\t\t\tdata-rsp_ch=\"on\"\n\t\t\t\t\t\t\t\tdata-text=\"w:normal;s:20,20,20,10;l:0,0,0,13;\"\n\t\t\t\t\t\t\t\tdata-dim=\"w:1920px,1920px,1920px,1023px;h:580px,580px,580px,309px;\"\n\t\t\t\t\t\t\t\tdata-frame_999=\"o:0;st:w;\"\n\t\t\t\t\t\t\t\tstyle=\"z-index:5;\"\n\t\t\t\t\t\t\t><img loading=\"lazy\" decoding=\"async\" src=\"\/\/trustgrup.md\/wp-content\/plugins\/revslider\/public\/assets\/assets\/dummy.png\" alt=\"\" class=\"tp-rs-img rs-lazyload\" width=\"1920\" height=\"580\" data-lazyload=\"\/\/trustgrup.md\/wp-content\/uploads\/2024\/04\/1-Gradient_Blue_Modern_Real_Estate_Facebook_Cover_1920_\u00d7_580_px (2).png\" data-no-retina> \n\t\t\t\t\t\t\t<\/rs-layer><!--\n-->\t\t\t\t\t\t<\/rs-slide>\n\t\t\t\t\t<\/rs-slides>\n\t\t\t\t<\/rs-module>\n\t\t\t\t<script>\n\t\t\t\t\tsetREVStartSize({c: 'rev_slider_25_1',rl:[1240,1024,1024,480],el:[580,460,460,360],gw:[1920,1920,1920,1024],gh:[580,580,580,360],type:'standard',justify:'',layout:'fullwidth',mh:\"0\"});if (window.RS_MODULES!==undefined && window.RS_MODULES.modules!==undefined && window.RS_MODULES.modules[\"revslider251\"]!==undefined) {window.RS_MODULES.modules[\"revslider251\"].once = false;window.revapi25 = undefined;if (window.RS_MODULES.checkMinimal!==undefined) window.RS_MODULES.checkMinimal()}\n\t\t\t\t<\/script>\n\t\t\t<\/rs-module-wrap>\n\t\t\t<!-- END REVOLUTION SLIDER -->\n<\/div><div class=\"vc_empty_space\"   style=\"height: 50px\"><span class=\"vc_empty_space_inner\"><\/span><\/div><\/div><\/div><\/div><div  class=\"section-element vc_custom_1700140106000 margin-bottom-30 mobile-margin-bottom-50\"><div class=\"row\"><div class=\"large-6 nasa-col columns\"><div class=\"row row-inner row-fluid\"><div class=\"large-6 nasa-col columns\">\n\t<div  class=\"wpb_single_image wpb_content_element vc_align_center  wpb_animate_when_almost_visible wpb_bounceInUp bounceInUp\">\n\t\t\n\t\t<figure class=\"wpb_wrapper vc_figure\">\n\t\t\t<a href=\"https:\/\/trustgrup.md\/ru\/servicii-transport\/\" target=\"_self\" class=\"vc_single_image-wrapper vc_box_shadow_border_circle  vc_box_border_grey\"><img loading=\"lazy\" decoding=\"async\" class=\"vc_single_image-img\" src=\"https:\/\/trustgrup.md\/wp-content\/uploads\/2023\/11\/serviciitrust-275x275.jpeg\" width=\"275\" height=\"275\" alt=\"serviciitrust\" title=\"serviciitrust\" \/><\/a>\n\t\t<\/figure>\n\t<\/div>\n<\/div><div class=\"large-6 vc_col-has-fill nasa-col columns\"><div class=\"vc_column-inner vc_custom_1700139648719\"><div class=\"wpb_text_column wpb_content_element  wpb_animate_when_almost_visible wpb_bounceIn bounceIn\" ><h2>\u00a0<\/h2>\n<h2 style=\"text-align: center; color: #000;\"><a href=\"https:\/\/trustgrup.md\/ru\/servicii-transport\/\">\u0423\u0441\u043b\u0443\u0433\u0438<\/a><\/h2>\n<p style=\"text-align: center;\">Trust Grup \u043f\u0440\u0435\u0434\u043e\u0441\u0442\u0430\u0432\u043b\u044f\u0435\u0442 \u0442\u0440\u0430\u043d\u0441\u043f\u043e\u0440\u0442\u043d\u044b\u0435 \u0443\u0441\u043b\u0443\u0433\u0438 \u0438 \u043c\u0435\u0445\u0430\u043d\u0438\u0437\u043c\u044b. \u0412\u044b\u043f\u043e\u043b\u043d\u044f\u0435\u043c \u0434\u0430\u0436\u0435 \u0441\u0430\u043c\u044b\u0435 \u0441\u043b\u043e\u0436\u043d\u044b\u0435 \u0437\u0430\u043f\u0440\u043e\u0441\u044b.<\/p>\n<p style=\"text-align: center;\"><a href=\"https:\/\/trustgrup.md\/ru\/servicii-transport\/\"><img loading=\"lazy\" decoding=\"async\" class=\"alignnone wp-image-4367\" src=\"https:\/\/trustgrup.md\/wp-content\/uploads\/2023\/11\/S1.png\" alt=\"\" width=\"75\" height=\"43\" srcset=\"https:\/\/trustgrup.md\/wp-content\/uploads\/2023\/11\/S1.png 112w, https:\/\/trustgrup.md\/wp-content\/uploads\/2023\/11\/S1-18x10.png 18w\" sizes=\"(max-width: 75px) 100vw, 75px\" \/><\/a><\/p>\n<\/div><\/div><\/div><\/div><\/div><div class=\"large-6 nasa-col columns\"><div class=\"row row-inner row-fluid\"><div class=\"large-6 nasa-col columns\">\n\t<div  class=\"wpb_single_image wpb_content_element vc_align_center  wpb_animate_when_almost_visible wpb_bounceInUp bounceInUp\">\n\t\t\n\t\t<figure class=\"wpb_wrapper vc_figure\">\n\t\t\t<a href=\"https:\/\/trustgrup.md\/ru\/product-category\/produsele-noastre\/boltari-fortan\/\" target=\"_self\" class=\"vc_single_image-wrapper vc_box_shadow_border_circle  vc_box_border_grey\"><img loading=\"lazy\" decoding=\"async\" class=\"vc_single_image-img\" src=\"https:\/\/trustgrup.md\/wp-content\/uploads\/2023\/11\/boltari-275x275.jpeg\" width=\"275\" height=\"275\" alt=\"boltari\" title=\"boltari\" \/><\/a>\n\t\t<\/figure>\n\t<\/div>\n<\/div><div class=\"large-6 nasa-col columns\"><div class=\"wpb_text_column wpb_content_element  wpb_animate_when_almost_visible wpb_bounceIn bounceIn\" ><h2>\u00a0<\/h2>\n<h3 style=\"text-align: center; color: #000;\"><a href=\"https:\/\/trustgrup.md\/ru\/product-category\/produsele-noastre\/boltari-fortan\/\">\u0421\u0442\u0435\u043d\u043e\u0432\u044b\u0435 \u0431\u043b\u043e\u043a\u0438 (\u0444\u043e\u0440\u0442\u0430\u043d)<\/a><\/h3>\n<p style=\"text-align: center;\">\u041f\u0440\u0435\u0434\u043b\u0430\u0433\u0430\u0435\u043c \u0421\u043a\u0438\u0434\u043a\u0438 \u043e\u0442 \u043f\u0440\u043e\u0438\u0437\u0432\u043e\u0434\u0438\u0442\u0435\u043b\u044f!<\/p>\n<p><a href=\"https:\/\/trustgrup.md\/ru\/product-category\/produsele-noastre\/boltari-fortan\/\"><img loading=\"lazy\" decoding=\"async\" class=\"wp-image-4367 aligncenter\" src=\"https:\/\/trustgrup.md\/wp-content\/uploads\/2023\/11\/S1.png\" alt=\"\" width=\"75\" height=\"43\" srcset=\"https:\/\/trustgrup.md\/wp-content\/uploads\/2023\/11\/S1.png 112w, https:\/\/trustgrup.md\/wp-content\/uploads\/2023\/11\/S1-18x10.png 18w\" sizes=\"(max-width: 75px) 100vw, 75px\" \/><\/a><\/p>\n<\/div><\/div><\/div><\/div><\/div><\/div><div  class=\"section-element margin-bottom-30 mobile-margin-bottom-50\"><div class=\"row\"><div class=\"large-6 nasa-col columns\"><div class=\"row row-inner row-fluid\"><div class=\"large-6 nasa-col columns\"><div class=\"wpb_text_column wpb_content_element  wpb_animate_when_almost_visible wpb_bounceIn bounceIn\" ><h2 style=\"text-align: center; color: #000;\"><a href=\"https:\/\/trustgrup.md\/ru\/product-category\/produsele-noastre\/bordura\/\">\u0411\u043e\u0440\u0434\u044e\u0440<\/a><\/h2>\n<p style=\"text-align: center;\">\u043f\u0440\u043e\u0438\u0437\u0432\u043e\u0434\u0438\u0442 \u0438 \u043f\u0440\u043e\u0434\u0430\u0435\u0442 \u0442\u0440\u043e\u0442\u0443\u0430\u0440\u043d\u0443\u044e \u043f\u043b\u0438\u0442\u043a\u0443 \u0431\u043e\u0440\u0434\u044e\u0440\u044b \u0441\u0430\u043c\u043e\u0433\u043e \u0432\u044b\u0441\u043e\u043a\u043e\u0433\u043e \u043a\u0430\u0447\u0435\u0441\u0442\u0432\u0430 \u0438 \u043f\u043e \u043b\u0443\u0447\u0448\u0438\u043c \u0446\u0435\u043d\u0430\u043c. \u041d\u0430\u043f\u0440\u044f\u043c\u0443\u044e \u043e\u0442 \u043f\u0440\u043e\u0438\u0437\u0432\u043e\u0434\u0438\u0442\u0435\u043b\u044f!!!<\/p>\n<p><a href=\"https:\/\/trustgrup.md\/ru\/product-category\/produsele-noastre\/bordura\/\"><img loading=\"lazy\" decoding=\"async\" class=\"wp-image-4380 aligncenter\" src=\"https:\/\/trustgrup.md\/wp-content\/uploads\/2023\/11\/S2.png\" alt=\"\" width=\"75\" height=\"43\" srcset=\"https:\/\/trustgrup.md\/wp-content\/uploads\/2023\/11\/S2.png 112w, https:\/\/trustgrup.md\/wp-content\/uploads\/2023\/11\/S2-18x10.png 18w\" sizes=\"(max-width: 75px) 100vw, 75px\" \/><\/a><\/p>\n<\/div><\/div><div class=\"large-6 nasa-col columns\">\n\t<div  class=\"wpb_single_image wpb_content_element vc_align_center  wpb_animate_when_almost_visible wpb_bounceInUp bounceInUp\">\n\t\t\n\t\t<figure class=\"wpb_wrapper vc_figure\">\n\t\t\t<a href=\"https:\/\/trustgrup.md\/ru\/product-category\/produsele-noastre\/bordura\/\" target=\"_self\" class=\"vc_single_image-wrapper vc_box_shadow_border_circle  vc_box_border_grey\"><img loading=\"lazy\" decoding=\"async\" class=\"vc_single_image-img\" src=\"https:\/\/trustgrup.md\/wp-content\/uploads\/2023\/11\/bordura-275x275.jpeg\" width=\"275\" height=\"275\" alt=\"bordura\" title=\"bordura\" \/><\/a>\n\t\t<\/figure>\n\t<\/div>\n<\/div><\/div><\/div><div class=\"large-6 nasa-col columns\"><div class=\"row row-inner row-fluid\"><div class=\"large-6 nasa-col columns\"><div class=\"wpb_text_column wpb_content_element  wpb_animate_when_almost_visible wpb_bounceIn bounceIn\" ><h2>\u00a0<\/h2>\n<h2 style=\"text-align: center; color: #000;\"><a href=\"https:\/\/trustgrup.md\/ru\/product-category\/produsele-noastre\/pavaj\/\">\u041f\u043b\u0438\u0442\u043a\u0430<\/a><\/h2>\n<p style=\"text-align: center;\">Trust Grup \u043f\u0440\u043e\u0438\u0437\u0432\u043e\u0434\u0438\u0442 \u0438 \u043f\u0440\u043e\u0434\u0430\u0435\u0442 \u043f\u043b\u0438\u0442\u043a\u0443. \u041c\u044b \u0433\u0430\u0440\u0430\u043d\u0442\u0438\u0440\u0443\u0435\u043c \u0432\u044b\u0441\u043e\u043a\u043e\u0435 \u043a\u0430\u0447\u0435\u0441\u0442\u0432\u043e, \u043f\u0440\u043e\u0434\u0443\u043a\u0442\u0438\u0432\u043d\u043e\u0435 \u0441\u043e\u0442\u0440\u0443\u0434\u043d\u0438\u0447\u0435\u0441\u0442\u0432\u043e \u0438 \u0434\u043e\u0441\u0442\u0443\u043f\u043d\u044b\u0435 \u0446\u0435\u043d\u044b. \u0414\u043b\u044f \u0432\u0430\u0448\u0435\u0433\u043e \u0443\u0434\u043e\u0431\u0441\u0442\u0432\u0430 \u043c\u044b \u043f\u0440\u0435\u0434\u043e\u0441\u0442\u0430\u0432\u043b\u044f\u0435\u043c \u0443\u0441\u043b\u0443\u0433\u0438 \u0434\u043e\u0441\u0442\u0430\u0432\u043a\u0438, \u0430 \u0442\u0430\u043a\u0436\u0435 \u0432\u043e\u0437\u043c\u043e\u0436\u043d\u043e\u0441\u0442\u044c \u043e\u043f\u043b\u0430\u0442\u044b \u0442\u043e\u0432\u0430\u0440\u043e\u0432 \u0432 \u043a\u0440\u0435\u0434\u0438\u0442.<\/p>\n<p><a href=\"https:\/\/trustgrup.md\/ru\/product-category\/produsele-noastre\/pavaj\/\"><img loading=\"lazy\" decoding=\"async\" class=\"wp-image-4380 aligncenter\" src=\"https:\/\/trustgrup.md\/wp-content\/uploads\/2023\/11\/S2.png\" alt=\"\" width=\"75\" height=\"43\" srcset=\"https:\/\/trustgrup.md\/wp-content\/uploads\/2023\/11\/S2.png 112w, https:\/\/trustgrup.md\/wp-content\/uploads\/2023\/11\/S2-18x10.png 18w\" sizes=\"(max-width: 75px) 100vw, 75px\" \/><\/a><\/p>\n<\/div><\/div><div class=\"large-6 nasa-col columns\">\n\t<div  class=\"wpb_single_image wpb_content_element vc_align_center  wpb_animate_when_almost_visible wpb_bounceInUp bounceInUp\">\n\t\t\n\t\t<figure class=\"wpb_wrapper vc_figure\">\n\t\t\t<a href=\"https:\/\/trustgrup.md\/ru\/product-category\/produsele-noastre\/pavaj\/\" target=\"_self\" class=\"vc_single_image-wrapper vc_box_shadow_border_circle  vc_box_border_grey\"><img loading=\"lazy\" decoding=\"async\" class=\"vc_single_image-img\" src=\"https:\/\/trustgrup.md\/wp-content\/uploads\/2023\/11\/pavaj-275x275.jpeg\" width=\"275\" height=\"275\" alt=\"pavaj\" title=\"pavaj\" \/><\/a>\n\t\t<\/figure>\n\t<\/div>\n<\/div><\/div><\/div><\/div><\/div><div  class=\"section-element vc_custom_1700140116443\"><div class=\"row\"><div class=\"large-12 nasa-col columns\"><div class=\"vc_empty_space\"   style=\"height: 50px\"><span class=\"vc_empty_space_inner\"><\/span><\/div><div  class=\"section-element\"><div class=\"row\"><\/div><\/div><div class=\"large-12 nasa-col columns\"><\/div><div class=\"nasa-title clearfix hr-type-none text-center\"><h3 class=\"nasa-heading-title\"><span class=\"nasa-title-wrap\"><span style=\"color: #000000;\">\u0410\u043a\u0446\u0438\u0438<\/span><\/span><\/h3><\/div><\/div><\/div><\/div><div class=\"vc_empty_space\"   style=\"height: 32px\"><span class=\"vc_empty_space_inner\"><\/span><\/div><div  class=\"section-element\"><div class=\"row\"><div class=\"large-12 nasa-col columns\"><div class=\"nasa-title clearfix hr-type-none text-center\"><h3 class=\"nasa-heading-title\"><span class=\"nasa-title-wrap\"><span style=\"color: #000000;\">\u041d\u0430\u0448\u0438 \u043f\u0440\u043e\u0435\u043a\u0442\u044b<\/span><\/span><\/h3><\/div><\/div><\/div><\/div><div  class=\"section-element\"><div class=\"row\"><div class=\"large-12 nasa-col columns\">\n\t<div class=\"wpb_raw_code wpb_content_element wpb_raw_html\" >\n\t\t<div class=\"wpb_wrapper\">\n\t\t\t\r\n\t<div class=\"aigpl-gallery-slider-wrp\">\r\n\t\t<div class=\"aigpl-gallery-album-wrp aigpl-gallery-slider aigpl-gallery-album-slider aigpl-clearfix aigpl-album-design-1\" id=\"aigpl-gallery-1\">\r\n\t\t\t\r\n<div class=\"aigpl-slider-slide aigpl-cnt-wrp\">\r\n\t<div class=\"aigpl-inr-wrp\">\r\n\r\n\t\t<div class=\"aigpl-img-wrp\" style=\"\">\r\n\t\t\t<a class=\"aigpl-img-link\" href=\"https:\/\/trustgrup.md\/ru\/?album=4201&#038;album_ses=1#aigpl-album-gallery-1\" target=\"_self\">\r\n\t\t\t\t\t\t\t\t<img decoding=\"async\" class=\"aigpl-img\"  src=\"https:\/\/trustgrup.md\/wp-content\/uploads\/2023\/11\/d1b02435e5fcf9f252858597003f783e.jpg\" alt=\"Construc\u021bia drumului din beton s. Ma\u0219c\u0103u\u021bi, r-nul Criuleni\" \/>\r\n\t\t\t\t\t\t\t<\/a>\r\n\t\t<\/div>\r\n\r\n\t\t\t\t<div class=\"aigpl-img-count aigpl-center\">9 \u0424\u043e\u0442\u043e\u0433\u0440\u0430\u0444\u0438\u0438<\/div>\r\n\t\t\t<\/div>\r\n<\/div>\r\n<div class=\"aigpl-slider-slide aigpl-cnt-wrp\">\r\n\t<div class=\"aigpl-inr-wrp\">\r\n\r\n\t\t<div class=\"aigpl-img-wrp\" style=\"\">\r\n\t\t\t<a class=\"aigpl-img-link\" href=\"https:\/\/trustgrup.md\/ru\/?album=4186&#038;album_ses=1#aigpl-album-gallery-1\" target=\"_self\">\r\n\t\t\t\t\t\t\t\t<img decoding=\"async\" class=\"aigpl-img\"  src=\"https:\/\/trustgrup.md\/wp-content\/uploads\/2023\/11\/d05a57dd6da61e589d88d5cba4ddec23.jpg\" alt=\"Pavarea trotuarelor \u00een or. Vadul lui Vod\u0103\" \/>\r\n\t\t\t\t\t\t\t<\/a>\r\n\t\t<\/div>\r\n\r\n\t\t\t\t<div class=\"aigpl-img-count aigpl-center\">14 \u0424\u043e\u0442\u043e\u0433\u0440\u0430\u0444\u0438\u0438<\/div>\r\n\t\t\t<\/div>\r\n<\/div>\r\n<div class=\"aigpl-slider-slide aigpl-cnt-wrp\">\r\n\t<div class=\"aigpl-inr-wrp\">\r\n\r\n\t\t<div class=\"aigpl-img-wrp\" style=\"\">\r\n\t\t\t<a class=\"aigpl-img-link\" href=\"https:\/\/trustgrup.md\/ru\/?album=4171&#038;album_ses=1#aigpl-album-gallery-1\" target=\"_self\">\r\n\t\t\t\t\t\t\t\t<img decoding=\"async\" class=\"aigpl-img\"  src=\"https:\/\/trustgrup.md\/wp-content\/uploads\/2023\/11\/9ea92d18e27f765c68a50f57abc60288.jpg\" alt=\"Amenajarea parc\u0103rii de pe str. C\u0103rbunari, mun. Chi\u0219in\u0103u\" \/>\r\n\t\t\t\t\t\t\t<\/a>\r\n\t\t<\/div>\r\n\r\n\t\t\t\t<div class=\"aigpl-img-count aigpl-center\">14 \u0424\u043e\u0442\u043e\u0433\u0440\u0430\u0444\u0438\u0438<\/div>\r\n\t\t\t<\/div>\r\n<\/div>\r\n<div class=\"aigpl-slider-slide aigpl-cnt-wrp\">\r\n\t<div class=\"aigpl-inr-wrp\">\r\n\r\n\t\t<div class=\"aigpl-img-wrp\" style=\"\">\r\n\t\t\t<a class=\"aigpl-img-link\" href=\"https:\/\/trustgrup.md\/ru\/?album=4146&#038;album_ses=1#aigpl-album-gallery-1\" target=\"_self\">\r\n\t\t\t\t\t\t\t\t<img decoding=\"async\" class=\"aigpl-img\"  src=\"https:\/\/trustgrup.md\/wp-content\/uploads\/2023\/11\/9473d2cf51509373704291ace2e47273.jpg\" alt=\"Magazinul Trust Grup\" \/>\r\n\t\t\t\t\t\t\t<\/a>\r\n\t\t<\/div>\r\n\r\n\t\t\t\t<div class=\"aigpl-img-count aigpl-center\">24 \u0424\u043e\u0442\u043e\u0433\u0440\u0430\u0444\u0438\u0438<\/div>\r\n\t\t\t<\/div>\r\n<\/div>\t\t<\/div>\r\n\t\t<div class=\"aigpl-gallery-slider-conf aigpl-hide\">{&quot;slidestoshow&quot;:3,&quot;slidestoscroll&quot;:1,&quot;dots&quot;:&quot;true&quot;,&quot;arrows&quot;:&quot;true&quot;,&quot;autoplay&quot;:&quot;true&quot;,&quot;autoplay_interval&quot;:3000,&quot;speed&quot;:300,&quot;loop&quot;:&quot;true&quot;,&quot;lazyload&quot;:&quot;&quot;}<\/div>\r\n\t<\/div>\r\n\r\n\t\n\n\t\t<\/div>\n\t<\/div>\n<div class=\"vc_btn3-container vc_btn3-center\" ><a class=\"vc_general vc_btn3 vc_btn3-size-md vc_btn3-shape-rounded vc_btn3-style-modern vc_btn3-color-grey\" href=\"https:\/\/trustgrup.md\/ru\/proiectele-noastre\/\" title=\"\">Vezi mai multe<\/a><\/div><\/div><\/div><\/div>\t\t\t\t\t\t\t\t<\/div>\n\t\t\t\t<\/div>\n\t\t\t\t\t<\/div>\n\t\t\t\t<\/div>\n\t\t<div class=\"elementor-element elementor-element-6350dec e-flex e-con-boxed e-con e-parent\" data-id=\"6350dec\" data-element_type=\"container\">\n\t\t\t\t\t<div class=\"e-con-inner\">\n\t\t\t\t\t<\/div>\n\t\t\t\t<\/div>\n\t\t\t\t<\/div>","protected":false},"excerpt":{"rendered":"Trust Grup pune la dispozi\u021bia clientului o varietate larg\u0103 de materiale de construc\u021bie. Echipa noastr\u0103 este gata s\u0103 r\u0103spund\u0103 tuturor solicit\u0103rilor Dumneavoastr\u0103.","protected":false},"author":1,"featured_media":0,"parent":0,"menu_order":0,"comment_status":"closed","ping_status":"closed","template":"","meta":{"footnotes":""},"class_list":["post-3714","page","type-page","status-publish","hentry"],"jetpack_sharing_enabled":true,"_links":{"self":[{"href":"https:\/\/trustgrup.md\/ru\/wp-json\/wp\/v2\/pages\/3714","targetHints":{"allow":["GET"]}}],"collection":[{"href":"https:\/\/trustgrup.md\/ru\/wp-json\/wp\/v2\/pages"}],"about":[{"href":"https:\/\/trustgrup.md\/ru\/wp-json\/wp\/v2\/types\/page"}],"author":[{"embeddable":true,"href":"https:\/\/trustgrup.md\/ru\/wp-json\/wp\/v2\/users\/1"}],"replies":[{"embeddable":true,"href":"https:\/\/trustgrup.md\/ru\/wp-json\/wp\/v2\/comments?post=3714"}],"version-history":[{"count":0,"href":"https:\/\/trustgrup.md\/ru\/wp-json\/wp\/v2\/pages\/3714\/revisions"}],"wp:attachment":[{"href":"https:\/\/trustgrup.md\/ru\/wp-json\/wp\/v2\/media?parent=3714"}],"curies":[{"name":"wp","href":"https:\/\/api.w.org\/{rel}","templated":true}]}}