{"id":4215,"date":"2023-11-09T13:41:19","date_gmt":"2023-11-09T13:41:19","guid":{"rendered":"https:\/\/prowebdesign.eu\/trustgrup\/?page_id=4215"},"modified":"2023-11-09T13:41:19","modified_gmt":"2023-11-09T13:41:19","slug":"proiectele-noastre","status":"publish","type":"page","link":"https:\/\/trustgrup.md\/ru\/proiectele-noastre\/","title":{"rendered":"\u041d\u0430\u0448\u0438 \u043f\u0440\u043e\u0435\u043a\u0442\u044b"},"content":{"rendered":"<div  class=\"section-element\"><div class=\"row\"><div class=\"large-12 nasa-col columns\"><div class=\"vc_empty_space\"   style=\"height: 32px\"><span class=\"vc_empty_space_inner\"><\/span><\/div><div class=\"nasa-title clearfix hr-type-none text-center\"><h2 class=\"nasa-heading-title\"><span class=\"nasa-title-wrap\"><span style=\"color: #273221;\">\u041d\u0430\u0448\u0438 \u043f\u0440\u043e\u0435\u043a\u0442\u044b<\/span><\/span><\/h2><\/div><div class=\"vc_separator wpb_content_element vc_separator_align_center vc_sep_width_100 vc_sep_pos_align_center vc_separator_no_text vc_sep_color_grey\" ><span class=\"vc_sep_holder vc_sep_holder_l\"><span class=\"vc_sep_line\"><\/span><\/span><span class=\"vc_sep_holder vc_sep_holder_r\"><span class=\"vc_sep_line\"><\/span><\/span>\n<\/div><div class=\"wpb_text_column wpb_content_element\" >\r\n\t\t<div class=\"aigpl-gallery-album-wrp aigpl-gallery-album aigpl-clearfix aigpl-album-design-1\" id=\"aigpl-gallery-1\">\r\n\r\n\t\t\r\n<div class=\"aigpl-cnt-wrp aigpl-col-3 aigpl-columns aigpl-first\">\r\n\t<div class=\"aigpl-inr-wrp\">\r\n\r\n\t\t<div class=\"aigpl-img-wrp\" style=\"\">\r\n\t\t\t<a class=\"aigpl-img-link\" href=\"https:\/\/trustgrup.md\/ru\/proiectele-noastre\/?album=4201&#038;album_ses=1#aigpl-album-gallery-1\" target=\"_self\">\r\n\t\t\t\t\t\t\t\t<img decoding=\"async\" class=\"aigpl-img\"  src=\"https:\/\/trustgrup.md\/wp-content\/uploads\/2023\/11\/d1b02435e5fcf9f252858597003f783e.jpg\" alt=\"Construc\u021bia drumului din beton s. Ma\u0219c\u0103u\u021bi, r-nul Criuleni\" \/>\r\n\t\t\t\t\t\t\t<\/a>\r\n\t\t<\/div>\r\n\r\n\t\t\t\t\t<a class=\"aigpl-img-link\" href=\"https:\/\/trustgrup.md\/ru\/proiectele-noastre\/?album=4201&#038;album_ses=1#aigpl-album-gallery-1\" target=\"_self\">\r\n\t\t\t\t<div class=\"aigpl-img-title aigpl-center\">\u0421\u0442\u0440\u043e\u0438\u0442\u0435\u043b\u044c\u0441\u0442\u0432\u043e \u0431\u0435\u0442\u043e\u043d\u043d\u043e\u0439 \u0434\u043e\u0440\u043e\u0433\u0438 \u0432 \u0441. \u041c\u0430\u0448\u043a\u044d\u0443\u0446\u044c, \u0440. \u041a\u0440\u0438\u0443\u043b\u044f\u043d\u044b<\/div>\r\n\t\t\t<\/a>\r\n\t\t\t\t<div class=\"aigpl-img-count aigpl-center\">9 \u0424\u043e\u0442\u043e\u0433\u0440\u0430\u0444\u0438\u0438<\/div>\r\n\t\t\t<\/div>\r\n<\/div>\r\n<div class=\"aigpl-cnt-wrp aigpl-col-3 aigpl-columns\">\r\n\t<div class=\"aigpl-inr-wrp\">\r\n\r\n\t\t<div class=\"aigpl-img-wrp\" style=\"\">\r\n\t\t\t<a class=\"aigpl-img-link\" href=\"https:\/\/trustgrup.md\/ru\/proiectele-noastre\/?album=4186&#038;album_ses=1#aigpl-album-gallery-1\" target=\"_self\">\r\n\t\t\t\t\t\t\t\t<img decoding=\"async\" class=\"aigpl-img\"  src=\"https:\/\/trustgrup.md\/wp-content\/uploads\/2023\/11\/d05a57dd6da61e589d88d5cba4ddec23.jpg\" alt=\"Pavarea trotuarelor \u00een or. Vadul lui Vod\u0103\" \/>\r\n\t\t\t\t\t\t\t<\/a>\r\n\t\t<\/div>\r\n\r\n\t\t\t\t\t<a class=\"aigpl-img-link\" href=\"https:\/\/trustgrup.md\/ru\/proiectele-noastre\/?album=4186&#038;album_ses=1#aigpl-album-gallery-1\" target=\"_self\">\r\n\t\t\t\t<div class=\"aigpl-img-title aigpl-center\">\u0423\u043a\u043b\u0430\u0434\u043a\u0430 \u0442\u0440\u043e\u0442\u0443\u0430\u0440\u043e\u0432 \u0432 \u0433. \u0412\u0430\u0434\u0443\u043b \u043b\u0443\u0439 \u0412\u043e\u0434\u0430<\/div>\r\n\t\t\t<\/a>\r\n\t\t\t\t<div class=\"aigpl-img-count aigpl-center\">14 \u0424\u043e\u0442\u043e\u0433\u0440\u0430\u0444\u0438\u0438<\/div>\r\n\t\t\t<\/div>\r\n<\/div>\r\n<div class=\"aigpl-cnt-wrp aigpl-col-3 aigpl-columns\">\r\n\t<div class=\"aigpl-inr-wrp\">\r\n\r\n\t\t<div class=\"aigpl-img-wrp\" style=\"\">\r\n\t\t\t<a class=\"aigpl-img-link\" href=\"https:\/\/trustgrup.md\/ru\/proiectele-noastre\/?album=4171&#038;album_ses=1#aigpl-album-gallery-1\" target=\"_self\">\r\n\t\t\t\t\t\t\t\t<img decoding=\"async\" class=\"aigpl-img\"  src=\"https:\/\/trustgrup.md\/wp-content\/uploads\/2023\/11\/9ea92d18e27f765c68a50f57abc60288.jpg\" alt=\"Amenajarea parc\u0103rii de pe str. C\u0103rbunari, mun. Chi\u0219in\u0103u\" \/>\r\n\t\t\t\t\t\t\t<\/a>\r\n\t\t<\/div>\r\n\r\n\t\t\t\t\t<a class=\"aigpl-img-link\" href=\"https:\/\/trustgrup.md\/ru\/proiectele-noastre\/?album=4171&#038;album_ses=1#aigpl-album-gallery-1\" target=\"_self\">\r\n\t\t\t\t<div class=\"aigpl-img-title aigpl-center\">\u0421\u0442\u0440\u043e\u0438\u0442\u0435\u043b\u044c\u0441\u0442\u0432\u043e \u043f\u0430\u0440\u043a\u043e\u0432\u043a\u0438 \u043d\u0430 \u0443\u043b. \u041a\u044d\u0440\u0431\u0443\u043d\u0430\u0440\u044c, \u043c\u0443\u043d. \u041a\u0438\u0448\u0438\u043d\u0451\u0432<\/div>\r\n\t\t\t<\/a>\r\n\t\t\t\t<div class=\"aigpl-img-count aigpl-center\">14 \u0424\u043e\u0442\u043e\u0433\u0440\u0430\u0444\u0438\u0438<\/div>\r\n\t\t\t<\/div>\r\n<\/div>\r\n<div class=\"aigpl-cnt-wrp aigpl-col-3 aigpl-columns aigpl-first\">\r\n\t<div class=\"aigpl-inr-wrp\">\r\n\r\n\t\t<div class=\"aigpl-img-wrp\" style=\"\">\r\n\t\t\t<a class=\"aigpl-img-link\" href=\"https:\/\/trustgrup.md\/ru\/proiectele-noastre\/?album=4146&#038;album_ses=1#aigpl-album-gallery-1\" target=\"_self\">\r\n\t\t\t\t\t\t\t\t<img decoding=\"async\" class=\"aigpl-img\"  src=\"https:\/\/trustgrup.md\/wp-content\/uploads\/2023\/11\/9473d2cf51509373704291ace2e47273.jpg\" alt=\"Magazinul Trust Grup\" \/>\r\n\t\t\t\t\t\t\t<\/a>\r\n\t\t<\/div>\r\n\r\n\t\t\t\t\t<a class=\"aigpl-img-link\" href=\"https:\/\/trustgrup.md\/ru\/proiectele-noastre\/?album=4146&#038;album_ses=1#aigpl-album-gallery-1\" target=\"_self\">\r\n\t\t\t\t<div class=\"aigpl-img-title aigpl-center\">\u041c\u0430\u0433\u0430\u0437\u0438\u043d Trust Grup<\/div>\r\n\t\t\t<\/a>\r\n\t\t\t\t<div class=\"aigpl-img-count aigpl-center\">24 \u0424\u043e\u0442\u043e\u0433\u0440\u0430\u0444\u0438\u0438<\/div>\r\n\t\t\t<\/div>\r\n<\/div>\r\n\t\t<\/div><!-- end .aigpl-gallery-album-wrp -->\r\n\r\n\t\n<\/div><div class=\"vc_empty_space\"   style=\"height: 32px\"><span class=\"vc_empty_space_inner\"><\/span><\/div><\/div><\/div><\/div>","protected":false},"excerpt":{"rendered":"Trust Grup pune la dispozi\u021bia clientului o varietate larg\u0103 de materiale de construc\u021bie. Echipa noastr\u0103 este gata s\u0103 r\u0103spund\u0103 tuturor solicit\u0103rilor Dumneavoastr\u0103.","protected":false},"author":1,"featured_media":0,"parent":0,"menu_order":0,"comment_status":"closed","ping_status":"closed","template":"","meta":{"footnotes":""},"class_list":["post-4215","page","type-page","status-publish","hentry"],"jetpack_sharing_enabled":true,"_links":{"self":[{"href":"https:\/\/trustgrup.md\/ru\/wp-json\/wp\/v2\/pages\/4215","targetHints":{"allow":["GET"]}}],"collection":[{"href":"https:\/\/trustgrup.md\/ru\/wp-json\/wp\/v2\/pages"}],"about":[{"href":"https:\/\/trustgrup.md\/ru\/wp-json\/wp\/v2\/types\/page"}],"author":[{"embeddable":true,"href":"https:\/\/trustgrup.md\/ru\/wp-json\/wp\/v2\/users\/1"}],"replies":[{"embeddable":true,"href":"https:\/\/trustgrup.md\/ru\/wp-json\/wp\/v2\/comments?post=4215"}],"version-history":[{"count":0,"href":"https:\/\/trustgrup.md\/ru\/wp-json\/wp\/v2\/pages\/4215\/revisions"}],"wp:attachment":[{"href":"https:\/\/trustgrup.md\/ru\/wp-json\/wp\/v2\/media?parent=4215"}],"curies":[{"name":"wp","href":"https:\/\/api.w.org\/{rel}","templated":true}]}}