{"id":181832,"date":"2024-03-23T12:24:52","date_gmt":"2024-03-23T09:24:52","guid":{"rendered":"https:\/\/trustgrup.md\/product\/ruleta-3-m-x-16-mm-galben-negru\/"},"modified":"2026-03-27T12:53:44","modified_gmt":"2026-03-27T09:53:44","slug":"ruleta-3-m-x-16-mm-galben-negru","status":"publish","type":"product","link":"https:\/\/trustgrup.md\/ru\/product\/ruleta-3-m-x-16-mm-galben-negru\/","title":{"rendered":"Rulet\u0103 3 m x 16 mm galben\/negru"},"content":{"rendered":"<p>\t\t<title><br \/>\n\t\t<\/title><\/p>\n<p style=\"text-align:left;text-indent:0pt;margin:0pt 0pt 0pt 0pt\"><span style=\"color:#000000;background-color:transparent;font-family:Calibri;font-size:11pt;font-weight:normal;font-style:normal\">Trust Grup v\u0103 pune la dispozi\u021bie Rulet\u0103 3 m x 16 mm galben\/negru. Garant\u0103m calitate superioar\u0103, colaborare fructuoas\u0103 \u0219i pre\u021buri accesibile.<\/span><\/p>\n<p style=\"text-align:left;text-indent:0pt;margin:0pt 0pt 0pt 0pt\"><span style=\"color:#000000;background-color:transparent;font-family:Calibri;font-size:11pt;font-weight:normal;font-style:normal\">&nbsp;<\/span><\/p>\n<p style=\"text-align:left;text-indent:0pt;margin:0pt 0pt 0pt 0pt\"><span style=\"color:#000000;background-color:transparent;font-family:Calibri;font-size:11pt;font-weight:normal;font-style:normal\">\u0414\u043b\u044f \u0432\u0430\u0448\u0435\u0433\u043e \u0443\u0434\u043e\u0431\u0441\u0442\u0432\u0430 \u043c\u044b \u043f\u0440\u0435\u0434\u043e\u0441\u0442\u0430\u0432\u043b\u044f\u0435\u043c \u0443\u0441\u043b\u0443\u0433\u0438 \u0434\u043e\u0441\u0442\u0430\u0432\u043a\u0438, \u0430 \u0442\u0430\u043a\u0436\u0435 \u0432\u043e\u0437\u043c\u043e\u0436\u043d\u043e\u0441\u0442\u044c \u043e\u043f\u043b\u0430\u0442\u044b \u0442\u043e\u0432\u0430\u0440\u043e\u0432 \u0432 \u043a\u0440\u0435\u0434\u0438\u0442.<\/span><\/p>\n<p style=\"text-align:left;text-indent:0pt;margin:0pt 0pt 0pt 0pt\"><span style=\"color:#000000;background-color:transparent;font-family:Calibri;font-size:11pt;font-weight:normal;font-style:normal\">&nbsp;<\/span><\/p>\n<p style=\"text-align:left;text-indent:0pt;margin:0pt 0pt 0pt 0pt\"><span style=\"color:#000000;background-color:transparent;font-family:Calibri;font-size:11pt;font-weight:normal;font-style:normal\">\u041e\u0431\u0449\u0438\u0435 \u0445\u0430\u0440\u0430\u043a\u0442\u0435\u0440\u0438\u0441\u0442\u0438\u043a\u0438<\/span><\/p>\n<p style=\"text-align:left;text-indent:0pt;margin:0pt 0pt 0pt 0pt\"><span style=\"color:#000000;background-color:transparent;font-family:Calibri;font-size:11pt;font-weight:normal;font-style:normal\">Lungime (m) 3<\/span><\/p>\n<p style=\"text-align:left;text-indent:0pt;margin:0pt 0pt 0pt 0pt\"><span style=\"color:#000000;background-color:transparent;font-family:Calibri;font-size:11pt;font-weight:normal;font-style:normal\">L\u0103\u021bime (m) 16<\/span><\/p>\n<p style=\"text-align:left;text-indent:0pt;margin:0pt 0pt 0pt 0pt\"><span style=\"color:#000000;background-color:transparent;font-family:Calibri;font-size:11pt;font-weight:normal;font-style:normal\">Culoare Galben\/Negru<\/span><\/p>","protected":false},"excerpt":{"rendered":"<p>Trust Grup v\u0103 pune la dispozi\u021bie Rulet\u0103 3 m x 16 mm galben\/negru. Garant\u0103m calitate superioar\u0103, colaborare fructuoas\u0103 \u0219i pre\u021buri accesibile. &nbsp; &Icirc;n avantajul Dumneavoastr\u0103, prest\u0103m servicii de livrare, precum \u0219i v\u0103 oferim posibilitatea de a achita produsele &icirc;n credit. &nbsp; Specifica\u021bii principale Lungime (m) 3 L\u0103\u021bime (m) 16 Culoare Galben\/Negru<\/p>","protected":false},"featured_media":297774,"template":"","meta":[],"product_brand":[],"product_cat":[777],"product_tag":[],"class_list":{"0":"post-181832","1":"product","2":"type-product","3":"status-publish","4":"has-post-thumbnail","6":"product_cat-ruleta-pentru-masurare","8":"first","9":"instock","10":"shipping-taxable","11":"purchasable","12":"product-type-simple"},"jetpack_sharing_enabled":true,"_links":{"self":[{"href":"https:\/\/trustgrup.md\/ru\/wp-json\/wp\/v2\/product\/181832","targetHints":{"allow":["GET"]}}],"collection":[{"href":"https:\/\/trustgrup.md\/ru\/wp-json\/wp\/v2\/product"}],"about":[{"href":"https:\/\/trustgrup.md\/ru\/wp-json\/wp\/v2\/types\/product"}],"wp:featuredmedia":[{"embeddable":true,"href":"https:\/\/trustgrup.md\/ru\/wp-json\/wp\/v2\/media\/297774"}],"wp:attachment":[{"href":"https:\/\/trustgrup.md\/ru\/wp-json\/wp\/v2\/media?parent=181832"}],"wp:term":[{"taxonomy":"product_brand","embeddable":true,"href":"https:\/\/trustgrup.md\/ru\/wp-json\/wp\/v2\/product_brand?post=181832"},{"taxonomy":"product_cat","embeddable":true,"href":"https:\/\/trustgrup.md\/ru\/wp-json\/wp\/v2\/product_cat?post=181832"},{"taxonomy":"product_tag","embeddable":true,"href":"https:\/\/trustgrup.md\/ru\/wp-json\/wp\/v2\/product_tag?post=181832"}],"curies":[{"name":"wp","href":"https:\/\/api.w.org\/{rel}","templated":true}]}}