{"id":182766,"date":"2024-03-23T11:39:01","date_gmt":"2024-03-23T09:39:01","guid":{"rendered":"https:\/\/trustgrup.md\/product\/capac-diametru-110-sur-interplast\/"},"modified":"2024-10-01T18:03:06","modified_gmt":"2024-10-01T16:03:06","slug":"capac-diametru-110-sur-interplast","status":"publish","type":"product","link":"https:\/\/trustgrup.md\/ru\/product\/capac-diametru-110-sur-interplast\/","title":{"rendered":"Capac diametru 110 (sur) Interplast"},"content":{"rendered":"<p>\t\t<title><br \/>\n\t\t<\/title><\/p>\n<p style=\"text-align:left;text-indent:0pt;margin:0pt 0pt 0pt 0pt\"><span style=\"color:#000000;background-color:transparent;font-family:Calibri;font-size:11pt;font-weight:normal;font-style:normal\">Trust Grup v\u0103 pune la dispozi\u021bie Capac diametru 110 (sur) Interplast. Garant\u0103m calitate superioar\u0103, colaborare fructuoas\u0103 \u0219i pre\u021buri accesibile.<\/span><\/p>\n<p style=\"text-align:left;text-indent:0pt;margin:0pt 0pt 0pt 0pt\"><span style=\"color:#000000;background-color:transparent;font-family:Calibri;font-size:11pt;font-weight:normal;font-style:normal\">&nbsp;<\/span><\/p>\n<p style=\"text-align:left;text-indent:0pt;margin:0pt 0pt 0pt 0pt\"><span style=\"color:#000000;background-color:transparent;font-family:Calibri;font-size:11pt;font-weight:normal;font-style:normal\">\u0414\u043b\u044f \u0432\u0430\u0448\u0435\u0433\u043e \u0443\u0434\u043e\u0431\u0441\u0442\u0432\u0430 \u043c\u044b \u043f\u0440\u0435\u0434\u043e\u0441\u0442\u0430\u0432\u043b\u044f\u0435\u043c \u0443\u0441\u043b\u0443\u0433\u0438 \u0434\u043e\u0441\u0442\u0430\u0432\u043a\u0438, \u0430 \u0442\u0430\u043a\u0436\u0435 \u0432\u043e\u0437\u043c\u043e\u0436\u043d\u043e\u0441\u0442\u044c \u043e\u043f\u043b\u0430\u0442\u044b \u0442\u043e\u0432\u0430\u0440\u043e\u0432 \u0432 \u043a\u0440\u0435\u0434\u0438\u0442.<\/span><\/p>\n<p style=\"text-align:left;text-indent:0pt;margin:0pt 0pt 0pt 0pt\"><span style=\"color:#000000;background-color:transparent;font-family:Calibri;font-size:11pt;font-weight:normal;font-style:normal\">&nbsp;<\/span><\/p>\n<p style=\"text-align:left;text-indent:0pt;margin:0pt 0pt 0pt 0pt\"><span style=\"color:#000000;background-color:transparent;font-family:Calibri;font-size:11pt;font-weight:normal;font-style:normal\">\u041e\u0431\u0449\u0438\u0435 \u0445\u0430\u0440\u0430\u043a\u0442\u0435\u0440\u0438\u0441\u0442\u0438\u043a\u0438<\/span><\/p>\n<p style=\"text-align:left;text-indent:0pt;margin:0pt 0pt 0pt 0pt\"><span style=\"color:#000000;background-color:transparent;font-family:Calibri;font-size:11pt;font-weight:normal;font-style:normal\">Destina\u021bie Canaliza\u021bie<\/span><\/p>\n<p style=\"text-align:left;text-indent:0pt;margin:0pt 0pt 0pt 0pt\"><span style=\"color:#000000;background-color:transparent;font-family:Calibri;font-size:11pt;font-weight:normal;font-style:normal\">\u0426\u0432\u0435\u0442 C\u0435\u0440\u044b\u0439<\/span><\/p>\n<p style=\"text-align:left;text-indent:0pt;margin:0pt 0pt 0pt 0pt\"><span style=\"color:#000000;background-color:transparent;font-family:Calibri;font-size:11pt;font-weight:normal;font-style:normal\">\u0414\u0438\u0430\u043c\u0435\u0442\u0440 (\u043c\u043c) 110<\/span><\/p>\n<p style=\"text-align:left;text-indent:0pt;margin:0pt 0pt 0pt 0pt\"><span style=\"color:#000000;background-color:transparent;font-family:Calibri;font-size:11pt;font-weight:normal;font-style:normal\">Material Polipropilen\u0103<\/span><\/p>","protected":false},"excerpt":{"rendered":"<p>Trust Grup v\u0103 pune la dispozi\u021bie Capac diametru 110 (sur) Interplast. Garant\u0103m calitate superioar\u0103, colaborare fructuoas\u0103 \u0219i pre\u021buri accesibile. &nbsp; &Icirc;n avantajul Dumneavoastr\u0103, prest\u0103m servicii de livrare, precum \u0219i v\u0103 oferim posibilitatea de a achita produsele &icirc;n credit. &nbsp; Specifica\u021bii principale Destina\u021bie Canaliza\u021bie Culoare Sur Diametrul (mm) 110 Material Polipropilen\u0103<\/p>","protected":false},"featured_media":207000,"template":"","meta":[],"product_brand":[],"product_cat":[927],"product_tag":[],"class_list":{"0":"post-182766","1":"product","2":"type-product","3":"status-publish","4":"has-post-thumbnail","6":"product_cat-fitinguri","8":"first","9":"outofstock","10":"shipping-taxable","11":"purchasable","12":"product-type-simple"},"jetpack_sharing_enabled":true,"_links":{"self":[{"href":"https:\/\/trustgrup.md\/ru\/wp-json\/wp\/v2\/product\/182766","targetHints":{"allow":["GET"]}}],"collection":[{"href":"https:\/\/trustgrup.md\/ru\/wp-json\/wp\/v2\/product"}],"about":[{"href":"https:\/\/trustgrup.md\/ru\/wp-json\/wp\/v2\/types\/product"}],"wp:featuredmedia":[{"embeddable":true,"href":"https:\/\/trustgrup.md\/ru\/wp-json\/wp\/v2\/media\/207000"}],"wp:attachment":[{"href":"https:\/\/trustgrup.md\/ru\/wp-json\/wp\/v2\/media?parent=182766"}],"wp:term":[{"taxonomy":"product_brand","embeddable":true,"href":"https:\/\/trustgrup.md\/ru\/wp-json\/wp\/v2\/product_brand?post=182766"},{"taxonomy":"product_cat","embeddable":true,"href":"https:\/\/trustgrup.md\/ru\/wp-json\/wp\/v2\/product_cat?post=182766"},{"taxonomy":"product_tag","embeddable":true,"href":"https:\/\/trustgrup.md\/ru\/wp-json\/wp\/v2\/product_tag?post=182766"}],"curies":[{"name":"wp","href":"https:\/\/api.w.org\/{rel}","templated":true}]}}