{"id":271014,"date":"2025-09-22T17:48:09","date_gmt":"2025-09-22T14:48:09","guid":{"rendered":"https:\/\/trustgrup.md\/product\/clema-contact-pe-10a-10-mm\/"},"modified":"2025-10-02T08:09:48","modified_gmt":"2025-10-02T05:09:48","slug":"clema-contact-pe-10a-10-mm","status":"publish","type":"product","link":"https:\/\/trustgrup.md\/ru\/product\/clema-contact-pe-10a-10-mm\/","title":{"rendered":"Clem\u0103 contact PE 10A-10 mm"},"content":{"rendered":"<p>\t\t<title><br \/>\n\t\t<\/title><\/p>\n<p style=\"text-align:left;text-indent:0pt;margin:0pt 0pt 0pt 0pt\"><span style=\"color:#000000;background-color:transparent;font-family:Calibri;font-size:11pt;font-weight:normal;font-style:normal\">&Icirc;n magazinul Trust Grup pute\u021bi g\u0103si Clem\u0103 contact PE 10A-10 mm. Datorit\u0103 carcasei transparente, diagnosticarea \u0219i depanarea conexiunii cablului este vizual\u0103 \u0219i u\u0219oar\u0103.<\/span><\/p>\n<p style=\"text-align:left;text-indent:0pt;margin:0pt 0pt 0pt 0pt\"><span style=\"color:#000000;background-color:transparent;font-family:Calibri;font-size:11pt;font-weight:normal;font-style:normal\">\u0414\u043b\u044f \u0432\u0430\u0448\u0435\u0433\u043e \u0443\u0434\u043e\u0431\u0441\u0442\u0432\u0430 \u043c\u044b \u043f\u0440\u0435\u0434\u043e\u0441\u0442\u0430\u0432\u043b\u044f\u0435\u043c \u0443\u0441\u043b\u0443\u0433\u0438 \u0434\u043e\u0441\u0442\u0430\u0432\u043a\u0438, \u0430 \u0442\u0430\u043a\u0436\u0435 \u0432\u043e\u0437\u043c\u043e\u0436\u043d\u043e\u0441\u0442\u044c \u043e\u043f\u043b\u0430\u0442\u044b \u0442\u043e\u0432\u0430\u0440\u043e\u0432 \u0432 \u043a\u0440\u0435\u0434\u0438\u0442.<\/span><\/p>","protected":false},"excerpt":{"rendered":"<p>&Icirc;n magazinul Trust Grup pute\u021bi g\u0103si Clem\u0103 contact PE 10A-10 mm. Datorit\u0103 carcasei transparente, diagnosticarea \u0219i depanarea conexiunii cablului este vizual\u0103 \u0219i u\u0219oar\u0103. &Icirc;n avantajul Dumneavoastr\u0103, prest\u0103m servicii de livrare, precum \u0219i v\u0103 oferim posibilitatea de a achita produsele &icirc;n credit.<\/p>","protected":false},"featured_media":285031,"template":"","meta":[],"product_brand":[],"product_cat":[781],"product_tag":[],"class_list":{"0":"post-271014","1":"product","2":"type-product","3":"status-publish","4":"has-post-thumbnail","6":"product_cat-conectori-pentru-cablu","8":"first","9":"instock","10":"shipping-taxable","11":"purchasable","12":"product-type-simple"},"jetpack_sharing_enabled":true,"_links":{"self":[{"href":"https:\/\/trustgrup.md\/ru\/wp-json\/wp\/v2\/product\/271014","targetHints":{"allow":["GET"]}}],"collection":[{"href":"https:\/\/trustgrup.md\/ru\/wp-json\/wp\/v2\/product"}],"about":[{"href":"https:\/\/trustgrup.md\/ru\/wp-json\/wp\/v2\/types\/product"}],"wp:featuredmedia":[{"embeddable":true,"href":"https:\/\/trustgrup.md\/ru\/wp-json\/wp\/v2\/media\/285031"}],"wp:attachment":[{"href":"https:\/\/trustgrup.md\/ru\/wp-json\/wp\/v2\/media?parent=271014"}],"wp:term":[{"taxonomy":"product_brand","embeddable":true,"href":"https:\/\/trustgrup.md\/ru\/wp-json\/wp\/v2\/product_brand?post=271014"},{"taxonomy":"product_cat","embeddable":true,"href":"https:\/\/trustgrup.md\/ru\/wp-json\/wp\/v2\/product_cat?post=271014"},{"taxonomy":"product_tag","embeddable":true,"href":"https:\/\/trustgrup.md\/ru\/wp-json\/wp\/v2\/product_tag?post=271014"}],"curies":[{"name":"wp","href":"https:\/\/api.w.org\/{rel}","templated":true}]}}